{"id":97,"date":"2026-02-24T14:23:33","date_gmt":"2026-02-24T13:23:33","guid":{"rendered":"https:\/\/danisoft-dz.com\/?post_type=product&#038;p=97"},"modified":"2026-04-12T09:57:15","modified_gmt":"2026-04-12T08:57:15","slug":"zkteco-ma300","status":"publish","type":"product","link":"https:\/\/danisoft-dz.com\/?product=zkteco-ma300","title":{"rendered":"ZKTECO MA300"},"content":{"rendered":"<p>Le MA300 est un terminal de contr\u00f4le d&rsquo;acc\u00e8s int\u00e9gr\u00e9 dot\u00e9 d&rsquo;un bo\u00eetier m\u00e9tallique (alliage de zinc) et de fonctionnalit\u00e9s avanc\u00e9es. Ce terminal offre une double authentification par empreinte digitale et RFID. Gr\u00e2ce \u00e0 l&rsquo;algorithme d&#8217;empreinte digitale ZK, le MA300 garantit une reconnaissance d&#8217;empreintes digitales fiable et rapide.<\/p>\n<p>Son bo\u00eetier m\u00e9tallique, certifi\u00e9 IP65, le prot\u00e8ge du vandalisme et lui conf\u00e8re une excellente r\u00e9sistance \u00e0 l&rsquo;eau et \u00e0 la poussi\u00e8re, ce qui en fait un terminal id\u00e9al pour une utilisation int\u00e9rieure et ext\u00e9rieure.<\/p>\n<p>Surtout, le MA300 est compatible avec ZKBio Access IVS, offrant ainsi une gestion compl\u00e8te du contr\u00f4le d&rsquo;acc\u00e8s et de la s\u00e9curit\u00e9. De plus, il propose une interface de communication flexible (TCP\/IP, RS485 et Weigand) pour une connexion optimale.<\/p>\n<p>MA300 &#8211; Renseignez-vous d\u00e8s maintenant<\/p>\n<p>MA300 &#8211; Ajouter \u00e0 mes favoris<\/p>\n","protected":false},"excerpt":{"rendered":"<p>Le MA300 est un terminal de contr\u00f4le d&rsquo;acc\u00e8s int\u00e9gr\u00e9 dot\u00e9 d&rsquo;un bo\u00eetier m\u00e9tallique (alliage de zinc) et de fonctionnalit\u00e9s avanc\u00e9es. Ce terminal offre une double authentification par empreinte digitale et&hellip;<\/p>\n","protected":false},"featured_media":99,"comment_status":"open","ping_status":"closed","template":"","meta":[],"product_brand":[],"product_cat":[48,50,49],"product_tag":[],"class_list":{"0":"post-97","1":"product","2":"type-product","3":"status-publish","4":"has-post-thumbnail","6":"product_cat-pointeuse-et-control-daccess","7":"product_cat-digicode","8":"product_cat-pointeuse","10":"first","11":"instock","12":"shipping-taxable","13":"purchasable","14":"product-type-simple"},"aioseo_notices":[],"jetpack_sharing_enabled":true,"_links":{"self":[{"href":"https:\/\/danisoft-dz.com\/index.php?rest_route=\/wp\/v2\/product\/97","targetHints":{"allow":["GET"]}}],"collection":[{"href":"https:\/\/danisoft-dz.com\/index.php?rest_route=\/wp\/v2\/product"}],"about":[{"href":"https:\/\/danisoft-dz.com\/index.php?rest_route=\/wp\/v2\/types\/product"}],"replies":[{"embeddable":true,"href":"https:\/\/danisoft-dz.com\/index.php?rest_route=%2Fwp%2Fv2%2Fcomments&post=97"}],"wp:featuredmedia":[{"embeddable":true,"href":"https:\/\/danisoft-dz.com\/index.php?rest_route=\/wp\/v2\/media\/99"}],"wp:attachment":[{"href":"https:\/\/danisoft-dz.com\/index.php?rest_route=%2Fwp%2Fv2%2Fmedia&parent=97"}],"wp:term":[{"taxonomy":"product_brand","embeddable":true,"href":"https:\/\/danisoft-dz.com\/index.php?rest_route=%2Fwp%2Fv2%2Fproduct_brand&post=97"},{"taxonomy":"product_cat","embeddable":true,"href":"https:\/\/danisoft-dz.com\/index.php?rest_route=%2Fwp%2Fv2%2Fproduct_cat&post=97"},{"taxonomy":"product_tag","embeddable":true,"href":"https:\/\/danisoft-dz.com\/index.php?rest_route=%2Fwp%2Fv2%2Fproduct_tag&post=97"}],"curies":[{"name":"wp","href":"https:\/\/api.w.org\/{rel}","templated":true}]}}