{"id":95,"date":"2026-02-24T14:20:43","date_gmt":"2026-02-24T13:20:43","guid":{"rendered":"https:\/\/danisoft-dz.com\/?post_type=product&#038;p=95"},"modified":"2026-02-24T14:29:06","modified_gmt":"2026-02-24T13:29:06","slug":"pointeuse-zkteco-uface-800-plus","status":"publish","type":"product","link":"https:\/\/danisoft-dz.com\/?product=pointeuse-zkteco-uface-800-plus","title":{"rendered":"Pointeuse Zkteco uface 800 plus"},"content":{"rendered":"<ul class=\"pix-list\">\n<li><strong>\u00c9cran<\/strong>\u00a0: 4,3 pouces tactile<\/li>\n<li><strong>Capacit\u00e9 faciale<\/strong>\u00a0: 3000<\/li>\n<li><strong>Capacit\u00e9 de paume<\/strong>\u00a0: 3000<\/li>\n<li><strong>Capacit\u00e9 d\u2019empreintes digitales<\/strong>\u00a0: 4 000<\/li>\n<li><strong>Capacit\u00e9 de la carte<\/strong>\u00a0: 10000 (en option)<\/li>\n<li><strong>Capacit\u00e9 d\u2019enregistrement<\/strong>\u00a0: 100 000<\/li>\n<li><strong>Communication<\/strong>\u00a0: TCP\/IP, h\u00f4te USB, Wi-Fi (en option), 3G (en option)<\/li>\n<li><strong>Caract\u00e9ristiques standard<\/strong>\u00a0: serveur Web, code de travail, SMS, DST, requ\u00eate de journal, changement d\u2019\u00e9tat automatique, photo d\u2019identit\u00e9, ADMS, sonnerie programm\u00e9e, entr\u00e9e T9, ID utilisateur \u00e0 9 chiffres, m\u00e9thodes de v\u00e9rification multiples, contr\u00f4le d\u2019acc\u00e8s avanc\u00e9<\/li>\n<li><strong>Interface de contr\u00f4le d\u2019acc\u00e8s<\/strong>\u00a0: serrure \u00e9lectrique, capteur de porte, bouton de sortie, alarme<\/li>\n<li><strong>Wiegand<\/strong>\u00a0: Sortie<\/li>\n<li><strong>Caract\u00e9ristiques sp\u00e9ciales<\/strong>\u00a0: carte ID\/MF\/HID, WiFi, 3G, sonnette\/imprimante externe, batterie de secours, lecteur 485<\/li>\n<li><strong>Alimentation: DC12V 3A<\/strong><\/li>\n<li><strong>Temp\u00e9rature de fonctionnement\u00a0: 0\u00b0C \u2013 45\u00b0C \/ 32\u00b0F \u2013 113\u00b0F<\/strong><\/li>\n<li><strong>Humidit\u00e9 de fonctionnement\u00a0: 20 % \u2013 80 %<\/strong><\/li>\n<li><strong>Dimensions\u00a0: 193,54 x 165,14 x 111,48 (mm) \/ 7620 x 6502 x 4389<\/strong><\/li>\n<\/ul>\n","protected":false},"excerpt":{"rendered":"<p>\u00c9cran\u00a0: 4,3 pouces tactile Capacit\u00e9 faciale\u00a0: 3000 Capacit\u00e9 de paume\u00a0: 3000 Capacit\u00e9 d\u2019empreintes digitales\u00a0: 4 000 Capacit\u00e9 de la carte\u00a0: 10000 (en option) Capacit\u00e9 d\u2019enregistrement\u00a0: 100 000 Communication\u00a0: TCP\/IP, h\u00f4te&hellip;<\/p>\n","protected":false},"featured_media":96,"comment_status":"open","ping_status":"closed","template":"","meta":[],"product_brand":[],"product_cat":[48,49],"product_tag":[],"class_list":{"0":"post-95","1":"product","2":"type-product","3":"status-publish","4":"has-post-thumbnail","6":"product_cat-pointeuse-et-control-daccess","7":"product_cat-pointeuse","9":"first","10":"instock","11":"shipping-taxable","12":"purchasable","13":"product-type-simple"},"aioseo_notices":[],"jetpack_sharing_enabled":true,"_links":{"self":[{"href":"https:\/\/danisoft-dz.com\/index.php?rest_route=\/wp\/v2\/product\/95","targetHints":{"allow":["GET"]}}],"collection":[{"href":"https:\/\/danisoft-dz.com\/index.php?rest_route=\/wp\/v2\/product"}],"about":[{"href":"https:\/\/danisoft-dz.com\/index.php?rest_route=\/wp\/v2\/types\/product"}],"replies":[{"embeddable":true,"href":"https:\/\/danisoft-dz.com\/index.php?rest_route=%2Fwp%2Fv2%2Fcomments&post=95"}],"wp:featuredmedia":[{"embeddable":true,"href":"https:\/\/danisoft-dz.com\/index.php?rest_route=\/wp\/v2\/media\/96"}],"wp:attachment":[{"href":"https:\/\/danisoft-dz.com\/index.php?rest_route=%2Fwp%2Fv2%2Fmedia&parent=95"}],"wp:term":[{"taxonomy":"product_brand","embeddable":true,"href":"https:\/\/danisoft-dz.com\/index.php?rest_route=%2Fwp%2Fv2%2Fproduct_brand&post=95"},{"taxonomy":"product_cat","embeddable":true,"href":"https:\/\/danisoft-dz.com\/index.php?rest_route=%2Fwp%2Fv2%2Fproduct_cat&post=95"},{"taxonomy":"product_tag","embeddable":true,"href":"https:\/\/danisoft-dz.com\/index.php?rest_route=%2Fwp%2Fv2%2Fproduct_tag&post=95"}],"curies":[{"name":"wp","href":"https:\/\/api.w.org\/{rel}","templated":true}]}}