{"id":63,"date":"2026-02-24T12:39:52","date_gmt":"2026-02-24T11:39:52","guid":{"rendered":"https:\/\/danisoft-dz.com\/?post_type=product&#038;p=63"},"modified":"2026-02-24T12:39:52","modified_gmt":"2026-02-24T11:39:52","slug":"pointeuse-mb160","status":"publish","type":"product","link":"https:\/\/danisoft-dz.com\/?product=pointeuse-mb160","title":{"rendered":"Pointeuse MB160"},"content":{"rendered":"<ul class=\"pix-list\">\n<li><strong>Capacit\u00e9 faciale :\u00a0<\/strong>1 200<\/li>\n<li><strong>Capacit\u00e9 d\u2019empreintes digitales :\u00a0<\/strong>1 500<\/li>\n<li><strong>Capacit\u00e9 de la carte d\u2019identit\u00e9 :\u00a0<\/strong>2 000 (Optionnel)<\/li>\n<li><strong>Capacit\u00e9 d\u2019enregistrement :\u00a0<\/strong>100 000<\/li>\n<li><strong>Affichage :\u00a0<\/strong>\u00c9cran TFT de 2,8 pouces<\/li>\n<li><strong>Communication :\u00a0<\/strong>TCP\/IP, H\u00f4te USB, Wi-Fi (Optionnel)<\/li>\n<li><strong>Fonctions standards :\u00a0<\/strong>SMS, DTS, sonnerie programm\u00e9e, requ\u00eate en libre-service, changement d\u2019\u00e9tat automatique, entr\u00e9e T9, carte d\u2019identit\u00e9 avec photo, appareil photo, v\u00e9rification multiple, sortie 12 V, imprimante RS232 (c\u00e2ble en option)<\/li>\n<li><strong>Fonctions optionnelles :\u00a0<\/strong>Cartes d\u2019identit\u00e9 \/ MIFARE, code de travail, ADMS<\/li>\n<li><strong>Interface pour le contr\u00f4le d\u2019acc\u00e8s :\u00a0<\/strong>Serrure \u00e9lectrique tierce, bouton de sortie, alarme<\/li>\n<li><strong>Source de courant :\u00a0<\/strong>CC 12V 1.5A<\/li>\n<li><strong>Vitesse de v\u00e9rification :\u00a0<\/strong>\u2264 1s<\/li>\n<li><strong>Temp\u00e9rature de fonctionnement :\u00a0<\/strong>0\u00b0c \u2013 45\u00b0c<\/li>\n<li><strong>Humidit\u00e9 d\u2019exploitation :\u00a0<\/strong>20% \u2013 80%<\/li>\n<li><strong>Dimension (L\u00d7L\u00d7E):\u00a0<\/strong>167,5 x 148,8 x 32,2 mm<\/li>\n<\/ul>\n","protected":false},"excerpt":{"rendered":"<p>Capacit\u00e9 faciale :\u00a01 200 Capacit\u00e9 d\u2019empreintes digitales :\u00a01 500 Capacit\u00e9 de la carte d\u2019identit\u00e9 :\u00a02 000 (Optionnel) Capacit\u00e9 d\u2019enregistrement :\u00a0100 000 Affichage :\u00a0\u00c9cran TFT de 2,8 pouces Communication :\u00a0TCP\/IP, H\u00f4te&hellip;<\/p>\n","protected":false},"featured_media":64,"comment_status":"open","ping_status":"closed","template":"","meta":[],"product_brand":[],"product_cat":[48,49],"product_tag":[],"class_list":{"0":"post-63","1":"product","2":"type-product","3":"status-publish","4":"has-post-thumbnail","6":"product_cat-pointeuse-et-control-daccess","7":"product_cat-pointeuse","9":"first","10":"instock","11":"sale","12":"shipping-taxable","13":"purchasable","14":"product-type-simple"},"aioseo_notices":[],"jetpack_sharing_enabled":true,"_links":{"self":[{"href":"https:\/\/danisoft-dz.com\/index.php?rest_route=\/wp\/v2\/product\/63","targetHints":{"allow":["GET"]}}],"collection":[{"href":"https:\/\/danisoft-dz.com\/index.php?rest_route=\/wp\/v2\/product"}],"about":[{"href":"https:\/\/danisoft-dz.com\/index.php?rest_route=\/wp\/v2\/types\/product"}],"replies":[{"embeddable":true,"href":"https:\/\/danisoft-dz.com\/index.php?rest_route=%2Fwp%2Fv2%2Fcomments&post=63"}],"wp:featuredmedia":[{"embeddable":true,"href":"https:\/\/danisoft-dz.com\/index.php?rest_route=\/wp\/v2\/media\/64"}],"wp:attachment":[{"href":"https:\/\/danisoft-dz.com\/index.php?rest_route=%2Fwp%2Fv2%2Fmedia&parent=63"}],"wp:term":[{"taxonomy":"product_brand","embeddable":true,"href":"https:\/\/danisoft-dz.com\/index.php?rest_route=%2Fwp%2Fv2%2Fproduct_brand&post=63"},{"taxonomy":"product_cat","embeddable":true,"href":"https:\/\/danisoft-dz.com\/index.php?rest_route=%2Fwp%2Fv2%2Fproduct_cat&post=63"},{"taxonomy":"product_tag","embeddable":true,"href":"https:\/\/danisoft-dz.com\/index.php?rest_route=%2Fwp%2Fv2%2Fproduct_tag&post=63"}],"curies":[{"name":"wp","href":"https:\/\/api.w.org\/{rel}","templated":true}]}}