{"id":45,"date":"2026-02-24T09:58:41","date_gmt":"2026-02-24T08:58:41","guid":{"rendered":"https:\/\/danisoft-dz.com\/?post_type=product&#038;p=45"},"modified":"2026-02-24T12:35:18","modified_gmt":"2026-02-24T11:35:18","slug":"pointeuse-zkteco-k50-pro","status":"publish","type":"product","link":"https:\/\/danisoft-dz.com\/?product=pointeuse-zkteco-k50-pro","title":{"rendered":"Pointeuse zkteco k50 pro"},"content":{"rendered":"<ul class=\"pix-list\">\n<li><strong>Afficher<\/strong>\u00a0: \u00e9cran TFT 2.8\u2033<\/li>\n<li><strong>Capacit\u00e9 de visage<\/strong>\u00a0: \u2014<\/li>\n<li><strong>Capacit\u00e9 d\u2019empreintes digitales<\/strong>\u00a0: 3000<\/li>\n<li><strong>Capacit\u00e9 de la carte d\u2019identit\u00e9<\/strong>\u00a0: 3000 \uff081000 avec SSR \uff09<\/li>\n<li><strong>Capacit\u00e9 des journaux<\/strong>\u00a0: 100 000<\/li>\n<li><strong>la communication<\/strong>\u00a0: TCP\/IP, USB-Host<\/li>\n<li><strong>Fonctions standard<\/strong>\u00a0: SSR, l\u2019heure d\u2019\u00e9t\u00e9, Batterie de secours,Code du Travail,Simple fonction de Contr\u00f4le d\u2019Acc\u00e8s, Pr\u00e9vue-bell, l\u2019Auto-Requ\u00eate de Service Automatique de changement d\u2019\u00c9tat, d\u2019Entr\u00e9e de texte T9, \u00e0 9 chiffres de l\u2019ID d\u2019utilisateur<\/li>\n<li><strong>Fonctions optionnelles<\/strong>\u00a0: Carte MiFare<\/li>\n<li><strong>Source de courant<\/strong>\u00a0: 12V 1.5A<\/li>\n<li><strong>Temp\u00e9rature de fonctionnement<\/strong>\u00a0: 0 \u00b0 C \u2013 45 \u00b0 C<\/li>\n<li><strong>humidit\u00e9 d\u2019exploitation<\/strong>\u00a0: 20% -80%<\/li>\n<\/ul>\n","protected":false},"excerpt":{"rendered":"<p>Afficher\u00a0: \u00e9cran TFT 2.8\u2033 Capacit\u00e9 de visage\u00a0: \u2014 Capacit\u00e9 d\u2019empreintes digitales\u00a0: 3000 Capacit\u00e9 de la carte d\u2019identit\u00e9\u00a0: 3000 \uff081000 avec SSR \uff09 Capacit\u00e9 des journaux\u00a0: 100 000 la communication\u00a0: TCP\/IP,&hellip;<\/p>\n","protected":false},"featured_media":46,"comment_status":"open","ping_status":"closed","template":"","meta":[],"product_brand":[],"product_cat":[48,49],"product_tag":[],"class_list":{"0":"post-45","1":"product","2":"type-product","3":"status-publish","4":"has-post-thumbnail","6":"product_cat-pointeuse-et-control-daccess","7":"product_cat-pointeuse","9":"first","10":"instock","11":"sale","12":"shipping-taxable","13":"purchasable","14":"product-type-simple"},"aioseo_notices":[],"jetpack_sharing_enabled":true,"_links":{"self":[{"href":"https:\/\/danisoft-dz.com\/index.php?rest_route=\/wp\/v2\/product\/45","targetHints":{"allow":["GET"]}}],"collection":[{"href":"https:\/\/danisoft-dz.com\/index.php?rest_route=\/wp\/v2\/product"}],"about":[{"href":"https:\/\/danisoft-dz.com\/index.php?rest_route=\/wp\/v2\/types\/product"}],"replies":[{"embeddable":true,"href":"https:\/\/danisoft-dz.com\/index.php?rest_route=%2Fwp%2Fv2%2Fcomments&post=45"}],"wp:featuredmedia":[{"embeddable":true,"href":"https:\/\/danisoft-dz.com\/index.php?rest_route=\/wp\/v2\/media\/46"}],"wp:attachment":[{"href":"https:\/\/danisoft-dz.com\/index.php?rest_route=%2Fwp%2Fv2%2Fmedia&parent=45"}],"wp:term":[{"taxonomy":"product_brand","embeddable":true,"href":"https:\/\/danisoft-dz.com\/index.php?rest_route=%2Fwp%2Fv2%2Fproduct_brand&post=45"},{"taxonomy":"product_cat","embeddable":true,"href":"https:\/\/danisoft-dz.com\/index.php?rest_route=%2Fwp%2Fv2%2Fproduct_cat&post=45"},{"taxonomy":"product_tag","embeddable":true,"href":"https:\/\/danisoft-dz.com\/index.php?rest_route=%2Fwp%2Fv2%2Fproduct_tag&post=45"}],"curies":[{"name":"wp","href":"https:\/\/api.w.org\/{rel}","templated":true}]}}