{"id":413,"date":"2026-04-18T09:50:53","date_gmt":"2026-04-18T08:50:53","guid":{"rendered":"https:\/\/danisoft-dz.com\/?product=moniteur-videophone-dhi-vth2421fb-p"},"modified":"2026-04-18T09:50:53","modified_gmt":"2026-04-18T08:50:53","slug":"moniteur-videophone-dhi-vth2421fb-p","status":"publish","type":"product","link":"https:\/\/danisoft-dz.com\/?product=moniteur-videophone-dhi-vth2421fb-p","title":{"rendered":"Moniteur Vid\u00e9ophone DHI-VTH2421FB-P"},"content":{"rendered":"<p>\u00c9cran tactile capacitif TFT 7 \u201c, 1024 x 600<\/p>\n<ul style=\"font-family:Roboto,sans-serif;margin-top:0px;margin-bottom:1rem;font-size:14px;font-style:normal;font-weight:400;letter-spacing:-0.14px;text-transform:none;white-space:normal;text-align:left\">\n<li style=\"font-family:Roboto,sans-serif\">Surveillance IPC<\/li>\n<li style=\"font-family:Roboto,sans-serif\">Int\u00e9gration d\u2019alarme<\/li>\n<li style=\"font-family:Roboto,sans-serif\">Haute performance et \u00e9conomique<\/li>\n<li style=\"font-family:Roboto,sans-serif\">Carte SD 8 Go int\u00e9gr\u00e9e<\/li>\n<li style=\"font-family:Roboto,sans-serif\">Prise en charge PoE standard<\/li>\n<\/ul>\n<p><img decoding=\"async\" class=\"alignnone size-medium wp-image-6314 lazyloaded\" alt=\"\" width=\"300\" height=\"32\" data-src=\"https:\/\/tthgroupe.com\/wp-content\/uploads\/2020\/08\/VTH-300x32.png\" src=\"https:\/\/tthgroupe.com\/wp-content\/uploads\/2020\/08\/VTH-300x32.png\" style=\"font-family: Roboto, sans-serif;height: auto;max-width: 100%;border: 0px;vertical-align: middle;opacity: 1\"><\/p>\n","protected":false},"excerpt":{"rendered":"<p>\u00c9cran tactile capacitif TFT 7 \u201c, 1024 x 600 Surveillance IPC Int\u00e9gration d\u2019alarme Haute performance et \u00e9conomique Carte SD 8 Go int\u00e9gr\u00e9e Prise en charge PoE standard<\/p>\n","protected":false},"featured_media":412,"comment_status":"open","ping_status":"closed","template":"","meta":[],"product_brand":[],"product_cat":[56,58],"product_tag":[],"class_list":{"0":"post-413","1":"product","2":"type-product","3":"status-publish","4":"has-post-thumbnail","6":"product_cat-viadeo-phone","7":"product_cat-video-phone-numerique","9":"first","10":"instock","11":"shipping-taxable","12":"purchasable","13":"product-type-simple"},"aioseo_notices":[],"jetpack_sharing_enabled":true,"_links":{"self":[{"href":"https:\/\/danisoft-dz.com\/index.php?rest_route=\/wp\/v2\/product\/413","targetHints":{"allow":["GET"]}}],"collection":[{"href":"https:\/\/danisoft-dz.com\/index.php?rest_route=\/wp\/v2\/product"}],"about":[{"href":"https:\/\/danisoft-dz.com\/index.php?rest_route=\/wp\/v2\/types\/product"}],"replies":[{"embeddable":true,"href":"https:\/\/danisoft-dz.com\/index.php?rest_route=%2Fwp%2Fv2%2Fcomments&post=413"}],"wp:featuredmedia":[{"embeddable":true,"href":"https:\/\/danisoft-dz.com\/index.php?rest_route=\/wp\/v2\/media\/412"}],"wp:attachment":[{"href":"https:\/\/danisoft-dz.com\/index.php?rest_route=%2Fwp%2Fv2%2Fmedia&parent=413"}],"wp:term":[{"taxonomy":"product_brand","embeddable":true,"href":"https:\/\/danisoft-dz.com\/index.php?rest_route=%2Fwp%2Fv2%2Fproduct_brand&post=413"},{"taxonomy":"product_cat","embeddable":true,"href":"https:\/\/danisoft-dz.com\/index.php?rest_route=%2Fwp%2Fv2%2Fproduct_cat&post=413"},{"taxonomy":"product_tag","embeddable":true,"href":"https:\/\/danisoft-dz.com\/index.php?rest_route=%2Fwp%2Fv2%2Fproduct_tag&post=413"}],"curies":[{"name":"wp","href":"https:\/\/api.w.org\/{rel}","templated":true}]}}