{"id":396,"date":"2026-04-09T12:04:16","date_gmt":"2026-04-09T11:04:16","guid":{"rendered":"https:\/\/danisoft-dz.com\/?product=mini-imprimante-de-recus-thermique-xp-p801a"},"modified":"2026-04-09T12:04:16","modified_gmt":"2026-04-09T11:04:16","slug":"mini-imprimante-de-recus-thermique-xp-p801a","status":"publish","type":"product","link":"https:\/\/danisoft-dz.com\/?product=mini-imprimante-de-recus-thermique-xp-p801a","title":{"rendered":"Mini-imprimante de re\u00e7us thermique XP-P801A"},"content":{"rendered":"<p>Sp\u00e9cification du produit<\/p>\n<p>Mod\u00e8le\tXP-P801A<br \/>\nFonctionnalit\u00e9s d&rsquo;impression<br \/>\nM\u00e9thode d&rsquo;impression\tThermique direct<br \/>\nR\u00e9solution\t203 ppp<br \/>\nEspacement des lignes\t3,75 mm (r\u00e9glable par commandes)<br \/>\nLargeur d&rsquo;impression\t72 millim\u00e8tres<br \/>\nVitesse d&rsquo;impression\t70 mm\/s<br \/>\nLargeur du papier\t80 millim\u00e8tres<br \/>\nDiam\u00e8tre du rouleau de support\t50mm<br \/>\nCaract\u00e9ristiques de performances<br \/>\nInterfaces\tUSB+Bluetooth(1+1)<br \/>\nTampon d&rsquo;entr\u00e9e\t128 Ko<br \/>\nFlash NV<br \/>\n4 M Ko<\/p>\n<p>\u00c9mulation<br \/>\nESC\/POS<\/p>\n<p>Polices\/Graphiques\/Symbologies<br \/>\nTaille des caract\u00e8res\tANK, Police A : 1,5 \u00d7 3,0 mm (12 \u00d7 24 points) Police B : 1,1 \u00d7 2,1 mm (9 \u00d7 17 points) Chinois simplifi\u00e9\/traditionnel : 3,0 \u00d7 3,0 mm (24 \u00d7 24 points)<br \/>\nTypes de codes-barres<br \/>\n1D :UPC-A\/UPC-E\/JAN13(EAN13)\/JAN8(EAN8)\/CODE39\/ITF\/CODABAR\/CODE93\/CODE128<br \/>\n2D : QRCODE<\/p>\n<p>Feuille de personnage \u00e9tendue<\/p>\n<p>PC347 (Europe standard) \/ Katakana \/ PC850 (multilingue) \/ PC860 (portugais) \/ PC863 (canadien-fran\u00e7ais) \/ PC865 (nordique) \/ Europe de l&rsquo;Ouest \/ grec \/ h\u00e9breu \/ Europe de l&rsquo;Est \/ Iran \/ WPC1252 \/ PC866 (cyrillique #2) \/ PC852 (Latin2) \/ PC858 \/ IranII \/ letton \/ arabe \/ PT151 (1251)<\/p>\n","protected":false},"excerpt":{"rendered":"<p>Sp\u00e9cification du produit Mod\u00e8le XP-P801A Fonctionnalit\u00e9s d&rsquo;impression M\u00e9thode d&rsquo;impression Thermique direct R\u00e9solution 203 ppp Espacement des lignes 3,75 mm (r\u00e9glable par commandes) Largeur d&rsquo;impression 72 millim\u00e8tres Vitesse d&rsquo;impression 70 mm\/s&hellip;<\/p>\n","protected":false},"featured_media":394,"comment_status":"open","ping_status":"closed","template":"","meta":[],"product_brand":[],"product_cat":[15,25,59],"product_tag":[],"class_list":{"0":"post-396","1":"product","2":"type-product","3":"status-publish","4":"has-post-thumbnail","6":"product_cat-materiel-informatique-pos","7":"product_cat-imprimante-ticket-de-caisse","8":"product_cat-accessoires","10":"first","11":"instock","12":"shipping-taxable","13":"purchasable","14":"product-type-simple"},"aioseo_notices":[],"jetpack_sharing_enabled":true,"_links":{"self":[{"href":"https:\/\/danisoft-dz.com\/index.php?rest_route=\/wp\/v2\/product\/396","targetHints":{"allow":["GET"]}}],"collection":[{"href":"https:\/\/danisoft-dz.com\/index.php?rest_route=\/wp\/v2\/product"}],"about":[{"href":"https:\/\/danisoft-dz.com\/index.php?rest_route=\/wp\/v2\/types\/product"}],"replies":[{"embeddable":true,"href":"https:\/\/danisoft-dz.com\/index.php?rest_route=%2Fwp%2Fv2%2Fcomments&post=396"}],"wp:featuredmedia":[{"embeddable":true,"href":"https:\/\/danisoft-dz.com\/index.php?rest_route=\/wp\/v2\/media\/394"}],"wp:attachment":[{"href":"https:\/\/danisoft-dz.com\/index.php?rest_route=%2Fwp%2Fv2%2Fmedia&parent=396"}],"wp:term":[{"taxonomy":"product_brand","embeddable":true,"href":"https:\/\/danisoft-dz.com\/index.php?rest_route=%2Fwp%2Fv2%2Fproduct_brand&post=396"},{"taxonomy":"product_cat","embeddable":true,"href":"https:\/\/danisoft-dz.com\/index.php?rest_route=%2Fwp%2Fv2%2Fproduct_cat&post=396"},{"taxonomy":"product_tag","embeddable":true,"href":"https:\/\/danisoft-dz.com\/index.php?rest_route=%2Fwp%2Fv2%2Fproduct_tag&post=396"}],"curies":[{"name":"wp","href":"https:\/\/api.w.org\/{rel}","templated":true}]}}