{"id":393,"date":"2026-04-09T11:59:20","date_gmt":"2026-04-09T10:59:20","guid":{"rendered":"https:\/\/danisoft-dz.com\/?product=imprimante-portable-xp-p323b-80-mm"},"modified":"2026-04-12T09:57:10","modified_gmt":"2026-04-12T08:57:10","slug":"imprimante-portable-xp-p323b-80-mm","status":"publish","type":"product","link":"https:\/\/danisoft-dz.com\/?product=imprimante-portable-xp-p323b-80-mm","title":{"rendered":"imprimante portable XP-P323B 80 mm"},"content":{"rendered":"<div class=\"table-responsive\" style=\"margin:0px;padding:0px;min-height:0.01%;font-family:Montserrat,Arial,\">Mod\u00e8le\tXP-P323B<br \/>\nFonctionnalit\u00e9s d&rsquo;impression<br \/>\nR\u00e9solution\t203 DPI<br \/>\nM\u00e9thode d&rsquo;impression\tThermique directe<br \/>\nVitesse d&rsquo;impression maximale\tMax. 70 mm (2,7&Prime;) \/ s<br \/>\nLargeur d&rsquo;impression maximale\t72 mm (2,8&Prime;)<br \/>\nLongueur d&rsquo;impression maximale\t1778 mm (70&Prime;)<br \/>\nM\u00e9dias<br \/>\nType de m\u00e9dia\tContinu, espace, marque noire<br \/>\nLargeur du support\t20 mm ~ 76 mm<br \/>\n\u00c9paisseur du support\t0,06 mm ~ 0,254 mm<br \/>\nDiam\u00e8tre du rouleau d&rsquo;\u00e9tiquettes\t50 mm<br \/>\nCaract\u00e9ristiques de performance<br \/>\nProcesseur\tprocesseur 32 bits<br \/>\nM\u00e9moire\tM\u00e9moire flash 8 Mo \/ SDRAM 8 Mo<br \/>\nInterface<br \/>\nVersion standard : USB+Bluetooth (en option : USB+WIFI)<\/p>\n<p>\u00c9cran<br \/>\nOLED (0,96&Prime;) R\u00e9solution : 128*64 pixels<\/p>\n<p>Capteurs<br \/>\n1 Capteur d&rsquo;espacement<br \/>\n\u2461Capteur d&rsquo;ouverture du couvercle<br \/>\n\u2462Capteur de marque noire<\/p><\/div>\n","protected":false},"excerpt":{"rendered":"<p>Mod\u00e8le XP-P323B Fonctionnalit\u00e9s d&rsquo;impression R\u00e9solution 203 DPI M\u00e9thode d&rsquo;impression Thermique directe Vitesse d&rsquo;impression maximale Max. 70 mm (2,7&Prime;) \/ s Largeur d&rsquo;impression maximale 72 mm (2,8&Prime;) Longueur d&rsquo;impression maximale 1778&hellip;<\/p>\n","protected":false},"featured_media":390,"comment_status":"open","ping_status":"closed","template":"","meta":[],"product_brand":[],"product_cat":[15,26,59],"product_tag":[],"class_list":{"0":"post-393","1":"product","2":"type-product","3":"status-publish","4":"has-post-thumbnail","6":"product_cat-materiel-informatique-pos","7":"product_cat-imprimante-code-a-barre","8":"product_cat-accessoires","10":"first","11":"instock","12":"shipping-taxable","13":"purchasable","14":"product-type-simple"},"aioseo_notices":[],"jetpack_sharing_enabled":true,"_links":{"self":[{"href":"https:\/\/danisoft-dz.com\/index.php?rest_route=\/wp\/v2\/product\/393","targetHints":{"allow":["GET"]}}],"collection":[{"href":"https:\/\/danisoft-dz.com\/index.php?rest_route=\/wp\/v2\/product"}],"about":[{"href":"https:\/\/danisoft-dz.com\/index.php?rest_route=\/wp\/v2\/types\/product"}],"replies":[{"embeddable":true,"href":"https:\/\/danisoft-dz.com\/index.php?rest_route=%2Fwp%2Fv2%2Fcomments&post=393"}],"wp:featuredmedia":[{"embeddable":true,"href":"https:\/\/danisoft-dz.com\/index.php?rest_route=\/wp\/v2\/media\/390"}],"wp:attachment":[{"href":"https:\/\/danisoft-dz.com\/index.php?rest_route=%2Fwp%2Fv2%2Fmedia&parent=393"}],"wp:term":[{"taxonomy":"product_brand","embeddable":true,"href":"https:\/\/danisoft-dz.com\/index.php?rest_route=%2Fwp%2Fv2%2Fproduct_brand&post=393"},{"taxonomy":"product_cat","embeddable":true,"href":"https:\/\/danisoft-dz.com\/index.php?rest_route=%2Fwp%2Fv2%2Fproduct_cat&post=393"},{"taxonomy":"product_tag","embeddable":true,"href":"https:\/\/danisoft-dz.com\/index.php?rest_route=%2Fwp%2Fv2%2Fproduct_tag&post=393"}],"curies":[{"name":"wp","href":"https:\/\/api.w.org\/{rel}","templated":true}]}}