{"id":374,"date":"2026-04-09T09:59:40","date_gmt":"2026-04-09T08:59:40","guid":{"rendered":"https:\/\/danisoft-dz.com\/?product=lecteur-code-a-barre-2d"},"modified":"2026-04-09T09:59:40","modified_gmt":"2026-04-09T08:59:40","slug":"lecteur-code-a-barre-2d","status":"publish","type":"product","link":"https:\/\/danisoft-dz.com\/?product=lecteur-code-a-barre-2d","title":{"rendered":"LECTEUR CODE A BARRE 2D"},"content":{"rendered":"<p>Caract\u00e9ristiques<br \/>\n\u00b7 Propre technologie, le firmware peut \u00eatre mis \u00e0 niveau en ligne.<\/p>\n<p>\u00b7 Peut lire des codes de barre d&rsquo;\u00e9cran tels que les t\u00e9l\u00e9phones mobiles et les ordinateurs.<\/p>\n<p>\u00b7 L&rsquo;interface USB et RS232, peut faire correspondre automatiquement le p\u00e9riph\u00e9rique, la bouche et la lecture.<\/p>\n<p>\u00b7 Conception de forme unique, base rotative pour r\u00e9pondre \u00e0 de nombreuses applications de balayage.<\/p>\n<p>\u00b7 En utilisant l&rsquo;algorithme de d\u00e9codage le plus avanc\u00e9, peut d\u00e9coder la plupart des 1dand 2D.<\/p>\n<p>\u00b7 Indicateur LED bleu et rouge, double buzzer pour s&rsquo;adapter \u00e0 divers fouettes<\/p>\n<p>environnements.<\/p>\n","protected":false},"excerpt":{"rendered":"<p>Caract\u00e9ristiques \u00b7 Propre technologie, le firmware peut \u00eatre mis \u00e0 niveau en ligne. \u00b7 Peut lire des codes de barre d&rsquo;\u00e9cran tels que les t\u00e9l\u00e9phones mobiles et les ordinateurs. \u00b7&hellip;<\/p>\n","protected":false},"featured_media":373,"comment_status":"open","ping_status":"closed","template":"","meta":[],"product_brand":[],"product_cat":[15,27],"product_tag":[],"class_list":{"0":"post-374","1":"product","2":"type-product","3":"status-publish","4":"has-post-thumbnail","6":"product_cat-materiel-informatique-pos","7":"product_cat-lecteur-code-a-barre","9":"first","10":"instock","11":"virtual","12":"purchasable","13":"product-type-simple"},"aioseo_notices":[],"jetpack_sharing_enabled":true,"_links":{"self":[{"href":"https:\/\/danisoft-dz.com\/index.php?rest_route=\/wp\/v2\/product\/374","targetHints":{"allow":["GET"]}}],"collection":[{"href":"https:\/\/danisoft-dz.com\/index.php?rest_route=\/wp\/v2\/product"}],"about":[{"href":"https:\/\/danisoft-dz.com\/index.php?rest_route=\/wp\/v2\/types\/product"}],"replies":[{"embeddable":true,"href":"https:\/\/danisoft-dz.com\/index.php?rest_route=%2Fwp%2Fv2%2Fcomments&post=374"}],"wp:featuredmedia":[{"embeddable":true,"href":"https:\/\/danisoft-dz.com\/index.php?rest_route=\/wp\/v2\/media\/373"}],"wp:attachment":[{"href":"https:\/\/danisoft-dz.com\/index.php?rest_route=%2Fwp%2Fv2%2Fmedia&parent=374"}],"wp:term":[{"taxonomy":"product_brand","embeddable":true,"href":"https:\/\/danisoft-dz.com\/index.php?rest_route=%2Fwp%2Fv2%2Fproduct_brand&post=374"},{"taxonomy":"product_cat","embeddable":true,"href":"https:\/\/danisoft-dz.com\/index.php?rest_route=%2Fwp%2Fv2%2Fproduct_cat&post=374"},{"taxonomy":"product_tag","embeddable":true,"href":"https:\/\/danisoft-dz.com\/index.php?rest_route=%2Fwp%2Fv2%2Fproduct_tag&post=374"}],"curies":[{"name":"wp","href":"https:\/\/api.w.org\/{rel}","templated":true}]}}