{"id":354,"date":"2026-04-06T10:37:44","date_gmt":"2026-04-06T09:37:44","guid":{"rendered":"https:\/\/danisoft-dz.com\/?product=tourniquet-tripode-ts1000s-pro"},"modified":"2026-04-09T10:41:07","modified_gmt":"2026-04-09T09:41:07","slug":"tourniquet-tripode-ts1000s-pro","status":"publish","type":"product","link":"https:\/\/danisoft-dz.com\/?product=tourniquet-tripode-ts1000s-pro","title":{"rendered":"Tourniquet tripode TS1000s Pro"},"content":{"rendered":"<p>Les Caract\u00e9ristiques:<br \/>\n-Bo\u00eetier en acier inoxydable SUS304<br \/>\n\u2022 Tourniquet tripode bidirectionnel avec fonction de chute de bras<br \/>\n\u2022 Pictogrammes LED pour une exp\u00e9rience utilisateur intuitive<br \/>\net un d\u00e9bit \u00e9lev\u00e9 dans les deux sens<br \/>\n\u2022 Haute qualit\u00e9 \u00e0 un prix abordable<br \/>\n\u2022 Faible consommation d&rsquo;\u00e9nergie<br \/>\n\u2022 Large gamme d&rsquo;accessoires<br \/>\n\u2022 Facile \u00e0 entretenir et \u00e0 surveiller<br \/>\n&#8211; Plaque principale de configuration du tourniquet (Heures, Alarmes, Ouvertures<br \/>\n-Alimentation requise AC110V\/220V, 50\/60Hz<br \/>\n-Temp\u00e9rature de fonctionnement -28 \u00b0C &#8211; 60 \u00b0C<br \/>\n-Humidit\u00e9 de travail 5%-80%<br \/>\n-Environnement de travail Int\u00e9rieur\/Ext\u00e9rieur (si abrit\u00e9)<br \/>\n-RFID Maximum 30\/minute<br \/>\n-Empreinte digitale Maximum 25\/minute<br \/>\n-Largeur de voie (mm) 500<br \/>\n-Empreinte (mm*mm) 520*810<br \/>\n-Poids net (kg) 35<br \/>\n-Indicateur LED Oui<br \/>\n-Mode d&rsquo;urgence O<br \/>\n-Options\/Accessoires Comptoir, Armoire et Couvercle SUS316, T\u00e9l\u00e9commande<br \/>\n&#8211; Compatible avec des syst\u00e8mes tiers<\/p>\n","protected":false},"excerpt":{"rendered":"<p>Les Caract\u00e9ristiques: -Bo\u00eetier en acier inoxydable SUS304 \u2022 Tourniquet tripode bidirectionnel avec fonction de chute de bras \u2022 Pictogrammes LED pour une exp\u00e9rience utilisateur intuitive et un d\u00e9bit \u00e9lev\u00e9 dans&hellip;<\/p>\n","protected":false},"featured_media":379,"comment_status":"open","ping_status":"closed","template":"","meta":[],"product_brand":[],"product_cat":[54],"product_tag":[],"class_list":{"0":"post-354","1":"product","2":"type-product","3":"status-publish","4":"has-post-thumbnail","6":"product_cat-tourniquet","8":"first","9":"instock","10":"shipping-taxable","11":"purchasable","12":"product-type-simple"},"aioseo_notices":[],"jetpack_sharing_enabled":true,"_links":{"self":[{"href":"https:\/\/danisoft-dz.com\/index.php?rest_route=\/wp\/v2\/product\/354","targetHints":{"allow":["GET"]}}],"collection":[{"href":"https:\/\/danisoft-dz.com\/index.php?rest_route=\/wp\/v2\/product"}],"about":[{"href":"https:\/\/danisoft-dz.com\/index.php?rest_route=\/wp\/v2\/types\/product"}],"replies":[{"embeddable":true,"href":"https:\/\/danisoft-dz.com\/index.php?rest_route=%2Fwp%2Fv2%2Fcomments&post=354"}],"wp:featuredmedia":[{"embeddable":true,"href":"https:\/\/danisoft-dz.com\/index.php?rest_route=\/wp\/v2\/media\/379"}],"wp:attachment":[{"href":"https:\/\/danisoft-dz.com\/index.php?rest_route=%2Fwp%2Fv2%2Fmedia&parent=354"}],"wp:term":[{"taxonomy":"product_brand","embeddable":true,"href":"https:\/\/danisoft-dz.com\/index.php?rest_route=%2Fwp%2Fv2%2Fproduct_brand&post=354"},{"taxonomy":"product_cat","embeddable":true,"href":"https:\/\/danisoft-dz.com\/index.php?rest_route=%2Fwp%2Fv2%2Fproduct_cat&post=354"},{"taxonomy":"product_tag","embeddable":true,"href":"https:\/\/danisoft-dz.com\/index.php?rest_route=%2Fwp%2Fv2%2Fproduct_tag&post=354"}],"curies":[{"name":"wp","href":"https:\/\/api.w.org\/{rel}","templated":true}]}}