{"id":65,"date":"2026-02-24T12:43:16","date_gmt":"2026-02-24T11:43:16","guid":{"rendered":"https:\/\/danisoft-dz.com\/?page_id=65"},"modified":"2026-03-07T10:09:59","modified_gmt":"2026-03-07T09:09:59","slug":"logiciel","status":"publish","type":"page","link":"https:\/\/danisoft-dz.com\/?page_id=65","title":{"rendered":"Logiciel"},"content":{"rendered":"\t\t<div data-elementor-type=\"wp-page\" data-elementor-id=\"65\" class=\"elementor elementor-65\">\n\t\t\t\t<div class=\"elementor-element elementor-element-de9af17 e-con-full e-flex e-con e-parent\" data-id=\"de9af17\" data-element_type=\"container\" data-e-type=\"container\">\n\t\t\t\t<div class=\"elementor-element elementor-element-232e0a0 elementor-widget elementor-widget-heading\" data-id=\"232e0a0\" data-element_type=\"widget\" data-e-type=\"widget\" data-widget_type=\"heading.default\">\n\t\t\t\t\t<h2 class=\"elementor-heading-title elementor-size-default\">D\u00e9couvrez les offres Logiciel de gestion commerciale<\/h2>\t\t\t\t<\/div>\n\t\t\t\t<\/div>\n\t\t<div class=\"elementor-element elementor-element-b70a7ba e-flex e-con-boxed e-con e-parent\" data-id=\"b70a7ba\" data-element_type=\"container\" data-e-type=\"container\">\n\t\t\t\t\t<div class=\"e-con-inner\">\n\t\t\t\t<div class=\"elementor-element elementor-element-8d42cb0 elementor-widget elementor-widget-image\" data-id=\"8d42cb0\" data-element_type=\"widget\" data-e-type=\"widget\" data-widget_type=\"image.default\">\n\t\t\t\t\t\t\t\t\t\t\t\t\t\t\t<img fetchpriority=\"high\" decoding=\"async\" width=\"300\" height=\"300\" src=\"https:\/\/danisoft-dz.com\/wp-content\/uploads\/2026\/02\/pos-300x300.png\" class=\"attachment-medium size-medium wp-image-160\" alt=\"\" srcset=\"https:\/\/danisoft-dz.com\/wp-content\/uploads\/2026\/02\/pos-300x300.png 300w, https:\/\/danisoft-dz.com\/wp-content\/uploads\/2026\/02\/pos-150x150.png 150w, https:\/\/danisoft-dz.com\/wp-content\/uploads\/2026\/02\/pos-100x100.png 100w, https:\/\/danisoft-dz.com\/wp-content\/uploads\/2026\/02\/pos.png 500w\" sizes=\"(max-width: 300px) 100vw, 300px\" \/>\t\t\t\t\t\t\t\t\t\t\t\t\t\t\t<\/div>\n\t\t\t\t<div class=\"elementor-element elementor-element-0901dfe elementor-widget elementor-widget-heading\" data-id=\"0901dfe\" data-element_type=\"widget\" data-e-type=\"widget\" data-widget_type=\"heading.default\">\n\t\t\t\t\t<h2 class=\"elementor-heading-title elementor-size-default\">Point de vente<\/h2>\t\t\t\t<\/div>\n\t\t\t\t\t<\/div>\n\t\t\t\t<\/div>\n\t\t<div class=\"elementor-element elementor-element-6adf6c80 e-con-full e-flex e-con e-parent\" data-id=\"6adf6c80\" data-element_type=\"container\" data-e-type=\"container\" data-settings=\"{&quot;background_background&quot;:&quot;classic&quot;}\">\n\t\t\t\t<div class=\"elementor-element elementor-element-14f5ccb1 elementor-align-left elementor-widget elementor-widget-button\" data-id=\"14f5ccb1\" data-element_type=\"widget\" data-e-type=\"widget\" data-widget_type=\"button.default\">\n\t\t\t\t\t\t\t\t\t\t<a class=\"elementor-button elementor-button-link elementor-size-sm elementor-animation-grow\" href=\"#\">\n\t\t\t\t\t\t<span class=\"elementor-button-content-wrapper\">\n\t\t\t\t\t\t\t\t\t<span class=\"elementor-button-text\">Demander un Devis<\/span>\n\t\t\t\t\t<\/span>\n\t\t\t\t\t<\/a>\n\t\t\t\t\t\t\t\t<\/div>\n\t\t\t\t<div class=\"elementor-element elementor-element-4ff9a977 elementor-widget elementor-widget-heading\" data-id=\"4ff9a977\" data-element_type=\"widget\" data-e-type=\"widget\" data-widget_type=\"heading.default\">\n\t\t\t\t\t<h1 class=\"elementor-heading-title elementor-size-default\"><p style=\"margin-bottom: 10px;, Helvetica, Arial, sans-serif;font-size: 14px;font-weight: 400;letter-spacing: normal\"><strong style=\"font-weight: bold\">DANISOFT POS<\/strong>&nbsp;est un logiciel \u00ab tout en un \u00bb sp\u00e9cialement con\u00e7u pour la gestion du commerce de d\u00e9tail.<\/p><p style=\"margin-bottom: 10px;, Helvetica, Arial, sans-serif;font-size: 14px;font-weight: 400;letter-spacing: normal\"><strong style=\"font-weight: bold\">DANISOFT POS<\/strong>&nbsp;est l\u2019outil id\u00e9al pour la gestion et le contr\u00f4le de votre magasin. Il s\u2019adapte \u00e0 de nombreux secteurs d\u2019activit\u00e9s : pr\u00eat-\u00e0-porter, maroquinerie, parfumerie, \u00e9quipement de la maison, alimentaire...<\/p><p style=\"margin-bottom: 10px;, Helvetica, Arial, sans-serif;font-size: 14px;font-weight: 400;letter-spacing: normal\"><strong style=\"font-weight: bold\">DANISOFT POS<\/strong>&nbsp;est consid\u00e9r\u00e9 comme le meilleur logiciel de la gestion point de vente dont il inclut la majorit\u00e9 des fonctionnalit\u00e9s de la gestion. Ses options lui poussent \u00e0 \u00eatre le top dans sa cat\u00e9gorie.&nbsp;<\/p><p style=\"margin-bottom: 10px;, Helvetica, Arial, sans-serif;font-size: 14px;font-weight: 400;letter-spacing: normal\">&nbsp;<\/p><p style=\"margin-bottom: 10px;, Helvetica, Arial, sans-serif;font-size: 14px;font-weight: 400;letter-spacing: normal\"><u><strong style=\"font-weight: bold\">Ses principales fonctionnalit\u00e9s :<\/strong><\/u><\/p><ul style=\"margin-top: 0px;margin-bottom: 10px;, Helvetica, Arial, sans-serif;font-size: 14px;font-weight: 400;letter-spacing: normal\"><li>Interconnexion aux p\u00e9riph\u00e9riques de point de vente ;<\/li><li>Vente \u00e0 l\u2019aide de code \u00e0 barre ;<\/li><li>Gestion des achats, des ventes, r\u00e8glements fournisseurs et r\u00e8glements clients ;<\/li><li>Gestion des utilisateurs avec d\u00e9finition des droits (acc\u00e8s) ;<\/li><li>Gestion des soldes, promotions et remises ;<\/li><li>Gestion des cartes de fid\u00e9lit\u00e9 ;<\/li><li>Gestion des clients en compte ;<\/li><li>Gestion des charges et des pertes ;<\/li><li>Gestion des retours articles ;<\/li><li>Consultation \u00e0 tout moment des statistiques (b\u00e9n\u00e9fice brut et net) ;<\/li><li>Suivi du fond de caisse ;<\/li><li>Mouvement de coffre ;<\/li><li>Cl\u00f4ture de caisse<\/li><\/ul><\/h1>\t\t\t\t<\/div>\n\t\t\t\t<\/div>\n\t\t<div class=\"elementor-element elementor-element-4324812 e-flex e-con-boxed e-con e-parent\" data-id=\"4324812\" data-element_type=\"container\" data-e-type=\"container\">\n\t\t\t\t\t<div class=\"e-con-inner\">\n\t\t\t\t<div class=\"elementor-element elementor-element-b04b4fb elementor-widget elementor-widget-image\" data-id=\"b04b4fb\" data-element_type=\"widget\" data-e-type=\"widget\" data-widget_type=\"image.default\">\n\t\t\t\t\t\t\t\t\t\t\t\t\t\t\t<img decoding=\"async\" width=\"300\" height=\"300\" src=\"https:\/\/danisoft-dz.com\/wp-content\/uploads\/2026\/02\/Boite-3D-de-SAFE-PME-300x300.png\" class=\"attachment-medium size-medium wp-image-192\" alt=\"\" srcset=\"https:\/\/danisoft-dz.com\/wp-content\/uploads\/2026\/02\/Boite-3D-de-SAFE-PME-300x300.png 300w, https:\/\/danisoft-dz.com\/wp-content\/uploads\/2026\/02\/Boite-3D-de-SAFE-PME-150x150.png 150w, https:\/\/danisoft-dz.com\/wp-content\/uploads\/2026\/02\/Boite-3D-de-SAFE-PME-768x768.png 768w, https:\/\/danisoft-dz.com\/wp-content\/uploads\/2026\/02\/Boite-3D-de-SAFE-PME-600x600.png 600w, https:\/\/danisoft-dz.com\/wp-content\/uploads\/2026\/02\/Boite-3D-de-SAFE-PME-100x100.png 100w, https:\/\/danisoft-dz.com\/wp-content\/uploads\/2026\/02\/Boite-3D-de-SAFE-PME.png 1024w\" sizes=\"(max-width: 300px) 100vw, 300px\" \/>\t\t\t\t\t\t\t\t\t\t\t\t\t\t\t<\/div>\n\t\t\t\t\t<\/div>\n\t\t\t\t<\/div>\n\t\t<div class=\"elementor-element elementor-element-3744084e e-con-full e-flex e-con e-parent\" data-id=\"3744084e\" data-element_type=\"container\" data-e-type=\"container\" data-settings=\"{&quot;background_background&quot;:&quot;classic&quot;}\">\n\t\t\t\t<div class=\"elementor-element elementor-element-7ba2bf0f elementor-widget elementor-widget-heading\" data-id=\"7ba2bf0f\" data-element_type=\"widget\" data-e-type=\"widget\" data-widget_type=\"heading.default\">\n\t\t\t\t\t<h1 class=\"elementor-heading-title elementor-size-default\">Petites et moyennes entreprises\n<\/h1>\t\t\t\t<\/div>\n\t\t\t\t<div class=\"elementor-element elementor-element-502a3db7 elementor-align-left elementor-widget elementor-widget-button\" data-id=\"502a3db7\" data-element_type=\"widget\" data-e-type=\"widget\" data-widget_type=\"button.default\">\n\t\t\t\t\t\t\t\t\t\t<a class=\"elementor-button elementor-button-link elementor-size-sm elementor-animation-grow\" href=\"#\">\n\t\t\t\t\t\t<span class=\"elementor-button-content-wrapper\">\n\t\t\t\t\t\t\t\t\t<span class=\"elementor-button-text\">Demander un Devis<\/span>\n\t\t\t\t\t<\/span>\n\t\t\t\t\t<\/a>\n\t\t\t\t\t\t\t\t<\/div>\n\t\t\t\t<div class=\"elementor-element elementor-element-4edef3bd elementor-widget__width-initial elementor-widget-mobile__width-inherit elementor-widget elementor-widget-text-editor\" data-id=\"4edef3bd\" data-element_type=\"widget\" data-e-type=\"widget\" data-widget_type=\"text-editor.default\">\n\t\t\t\t\t\t\t\t\t<p style=\"margin-bottom: 10px; color: #515151; font-family: Muli, 'Helvetica Neue', Helvetica, Arial, sans-serif; font-size: 14px; text-align: start; background-color: #ffffff;\"><strong style=\"font-weight: bold;\">DANISOFT PME<\/strong>\u00a0est une solution globale de gestion de PME, poss\u00e9dant les fonctionnalit\u00e9s d&rsquo;une v\u00e9ritable gestion commerciale tr\u00e8s simplifi\u00e9e, id\u00e9al pour votre commerce.<\/p>\n<p style=\"margin-bottom: 10px; color: #515151; font-family: Muli, 'Helvetica Neue', Helvetica, Arial, sans-serif; font-size: 14px; text-align: start; background-color: #ffffff;\">Gr\u00e2ce au logiciel\u00a0<b>DANISOFT\u00a0<\/b><strong style=\"font-weight: bold;\">PME<\/strong>\u00a0vous pouvez faire face \u00e0 la n\u00e9cessit\u00e9 de bien g\u00e9rer votre activit\u00e9 en utilisant d\u2019un outil informatique sp\u00e9cialement adapt\u00e9 \u00e0 vos besoins.<\/p>\n<p style=\"margin-bottom: 10px; color: #515151; font-family: Muli, 'Helvetica Neue', Helvetica, Arial, sans-serif; font-size: 14px; text-align: start; background-color: #ffffff;\"><strong style=\"font-weight: bold;\">DANISOFT PME<\/strong>\u00a0est votre meilleur compagnon qui vous permet d\u2019accomplir l\u2019ensemble de vos t\u00e2ches quotidiennes de mani\u00e8re simple et efficace.<\/p>\n<p style=\"margin-bottom: 10px; color: #515151; font-family: Muli, 'Helvetica Neue', Helvetica, Arial, sans-serif; font-size: 14px; text-align: start; background-color: #ffffff;\">\u00a0<\/p>\n<div style=\"color: #515151; font-family: Muli, 'Helvetica Neue', Helvetica, Arial, sans-serif; font-size: 14px; text-align: start; background-color: #ffffff;\"><u><strong style=\"font-weight: bold;\">Ses principales fonctionnalit\u00e9s :<\/strong><\/u><\/div>\n<div style=\"color: #515151; font-family: Muli, 'Helvetica Neue', Helvetica, Arial, sans-serif; font-size: 14px; text-align: start; background-color: #ffffff;\">\u00a0<\/div>\n<ul style=\"margin-top: 0px; margin-bottom: 10px; list-style-position: inside; color: #515151; font-family: Muli, 'Helvetica Neue', Helvetica, Arial, sans-serif; font-size: 14px; text-align: start; background-color: #ffffff;\">\n<li>Vente \u00e0 l\u2019aide de code \u00e0 barre ;<\/li>\n<li>Suivi de stock ;<\/li>\n<li>Gestion des achats (Bon de commande, Bon d&rsquo;achat, Facture d&rsquo;achat, Bon de retour achat..) ;<\/li>\n<li>Gestion des ventes (Devis, Bon de livraison, Facture de vente, Bon de retour vente..) ;<\/li>\n<li>Gestion des r\u00e8glements fournisseurs \/ clients ;<\/li>\n<li>Gestion des utilisateurs avec d\u00e9finition des droits (acc\u00e8s) ;<\/li>\n<li>Gestion des cartes de fid\u00e9lit\u00e9, g\u00e9n\u00e9ration de ch\u00e8ques ;<\/li>\n<li>Gestion des clients en compte ;<\/li>\n<li>Gestion des charges et des pertes ;<\/li>\n<li>Gestion des retours articles ;<\/li>\n<li>Consultation \u00e0 tout moment des statistiques (b\u00e9n\u00e9fice brut et net) ;<\/li>\n<li>Suivi du fond de caisse ;<\/li>\n<li>Mouvement de coffre ;<\/li>\n<li>Cl\u00f4ture de caisse.<\/li>\n<\/ul>\t\t\t\t\t\t\t\t<\/div>\n\t\t\t\t<\/div>\n\t\t<div class=\"elementor-element elementor-element-30140bd e-flex e-con-boxed e-con e-parent\" data-id=\"30140bd\" data-element_type=\"container\" data-e-type=\"container\">\n\t\t\t\t\t<div class=\"e-con-inner\">\n\t\t\t\t<div class=\"elementor-element elementor-element-8575229 elementor-widget elementor-widget-image\" data-id=\"8575229\" data-element_type=\"widget\" data-e-type=\"widget\" data-widget_type=\"image.default\">\n\t\t\t\t\t\t\t\t\t\t\t\t\t\t\t<img decoding=\"async\" width=\"300\" height=\"300\" src=\"https:\/\/danisoft-dz.com\/wp-content\/uploads\/2026\/02\/ChatGPT-Image-25-fevr.-2026-15_08_30-300x300.png\" class=\"attachment-medium size-medium wp-image-200\" alt=\"\" srcset=\"https:\/\/danisoft-dz.com\/wp-content\/uploads\/2026\/02\/ChatGPT-Image-25-fevr.-2026-15_08_30-300x300.png 300w, https:\/\/danisoft-dz.com\/wp-content\/uploads\/2026\/02\/ChatGPT-Image-25-fevr.-2026-15_08_30-150x150.png 150w, https:\/\/danisoft-dz.com\/wp-content\/uploads\/2026\/02\/ChatGPT-Image-25-fevr.-2026-15_08_30-768x768.png 768w, https:\/\/danisoft-dz.com\/wp-content\/uploads\/2026\/02\/ChatGPT-Image-25-fevr.-2026-15_08_30-600x600.png 600w, https:\/\/danisoft-dz.com\/wp-content\/uploads\/2026\/02\/ChatGPT-Image-25-fevr.-2026-15_08_30-100x100.png 100w, https:\/\/danisoft-dz.com\/wp-content\/uploads\/2026\/02\/ChatGPT-Image-25-fevr.-2026-15_08_30.png 1024w\" sizes=\"(max-width: 300px) 100vw, 300px\" \/>\t\t\t\t\t\t\t\t\t\t\t\t\t\t\t<\/div>\n\t\t\t\t\t<\/div>\n\t\t\t\t<\/div>\n\t\t<div class=\"elementor-element elementor-element-4382cbb0 e-con-full e-flex e-con e-parent\" data-id=\"4382cbb0\" data-element_type=\"container\" data-e-type=\"container\" data-settings=\"{&quot;background_background&quot;:&quot;classic&quot;}\">\n\t\t\t\t<div class=\"elementor-element elementor-element-1458b7cf elementor-widget elementor-widget-heading\" data-id=\"1458b7cf\" data-element_type=\"widget\" data-e-type=\"widget\" data-widget_type=\"heading.default\">\n\t\t\t\t\t<h1 class=\"elementor-heading-title elementor-size-default\"> Petites et moyennes entreprises\n<\/h1>\t\t\t\t<\/div>\n\t\t\t\t<div class=\"elementor-element elementor-element-2b846d46 elementor-align-left elementor-widget elementor-widget-button\" data-id=\"2b846d46\" data-element_type=\"widget\" data-e-type=\"widget\" data-widget_type=\"button.default\">\n\t\t\t\t\t\t\t\t\t\t<a class=\"elementor-button elementor-button-link elementor-size-sm elementor-animation-grow\" href=\"#\">\n\t\t\t\t\t\t<span class=\"elementor-button-content-wrapper\">\n\t\t\t\t\t\t\t\t\t<span class=\"elementor-button-text\">Demander un Devis<\/span>\n\t\t\t\t\t<\/span>\n\t\t\t\t\t<\/a>\n\t\t\t\t\t\t\t\t<\/div>\n\t\t\t\t<div class=\"elementor-element elementor-element-48abdfc5 elementor-widget__width-initial elementor-widget-mobile__width-inherit elementor-widget elementor-widget-text-editor\" data-id=\"48abdfc5\" data-element_type=\"widget\" data-e-type=\"widget\" data-widget_type=\"text-editor.default\">\n\t\t\t\t\t\t\t\t\t<p style=\"margin-bottom: 10px; color: #515151; font-family: Muli, 'Helvetica Neue', Helvetica, Arial, sans-serif; font-size: 14px; text-align: start; background-color: #ffffff;\">Parfaitement adapt\u00e9 \u00e0 l\u2019organisation de votre entreprise par sa puissance de param\u00e9trage,\u00a0<strong style=\"font-weight: bold;\">DANISOFT PME PRO<\/strong>\u00a0simplifie toutes vos t\u00e2ches quotidiennes gr\u00e2ce \u00e0 de nombreux automatismes.<\/p>\n<p style=\"margin-bottom: 10px; color: #515151; font-family: Muli, 'Helvetica Neue', Helvetica, Arial, sans-serif; font-size: 14px; text-align: start; background-color: #ffffff;\"><strong style=\"font-weight: bold;\">DANISOFT PME PRO<\/strong>\u00a0tire sa puissance de ses fonctions qui sont simples et assez avanc\u00e9es pour satisfaire les professionnels en prenant en charge toute la structure commerciale de l\u2019entreprise, de A \u00e0 Z.<\/p>\n<p style=\"margin-bottom: 10px; color: #515151; font-family: Muli, 'Helvetica Neue', Helvetica, Arial, sans-serif; font-size: 14px; text-align: start; background-color: #ffffff;\">Avec le logiciel\u00a0<strong style=\"font-weight: bold;\">DANISOFT PME PRO<\/strong>\u00a0la gestion commerciale devient ais\u00e9e et accessible \u00e0 tout le monde.<\/p>\n<p style=\"margin-bottom: 10px; color: #515151; font-family: Muli, 'Helvetica Neue', Helvetica, Arial, sans-serif; font-size: 14px; text-align: start; background-color: #ffffff;\">\u00a0<\/p>\n<div style=\"color: #515151; font-family: Muli, 'Helvetica Neue', Helvetica, Arial, sans-serif; font-size: 14px; text-align: start; background-color: #ffffff;\"><strong style=\"font-weight: bold;\"><u>Ses principales fonctionnalit\u00e9s :<\/u><\/strong><\/div>\n<div style=\"color: #515151; font-family: Muli, 'Helvetica Neue', Helvetica, Arial, sans-serif; font-size: 14px; text-align: start; background-color: #ffffff;\">\u00a0<\/div>\n<div style=\"color: #515151; font-family: Muli, 'Helvetica Neue', Helvetica, Arial, sans-serif; font-size: 14px; text-align: start; background-color: #ffffff;\">\n<ul style=\"margin-top: 0px; margin-bottom: 10px; list-style-position: inside;\">\n<li>Version\u00a0<strong style=\"font-weight: bold;\">r\u00e9seau<\/strong>\u00a0en utilisant\u00a0<strong style=\"font-weight: bold;\">FIREBIRD SQL Server<\/strong>\u00a0;<\/li>\n<li>Gestion de plusieurs dossiers \/ activit\u00e9s en une seule application ;<\/li>\n<li>Interconnexion aux p\u00e9riph\u00e9riques de point de vente ;<\/li>\n<li>Vente \u00e0 l\u2019aide de code \u00e0 barre ;<\/li>\n<li>Suivi de stock ;<\/li>\n<li>Gestion des achats (Bon de commande, Bon d&rsquo;achat, Facture d&rsquo;achat, Bon de retour achat..) ;<\/li>\n<li>Gestion des ventes (Devis, Bon de livraison, Facture de vente, Bon de retour vente..) ;<\/li>\n<li>Gestion des vente au comptoir ;<\/li>\n<li>Gestion des r\u00e8glements fournisseurs \/ clients ;<\/li>\n<li>Gestion des utilisateurs avec d\u00e9finition des droits (acc\u00e8s) ;<\/li>\n<li>Gestion des cartes de fid\u00e9lit\u00e9, g\u00e9n\u00e9ration de ch\u00e8ques ;<\/li>\n<li>Gestion des clients en compte ;<\/li>\n<li>Gestion des charges et des pertes ;<\/li>\n<li>Gestion des retours articles ;<\/li>\n<li>Consultation \u00e0 tout moment des statistiques (b\u00e9n\u00e9fice brut et net) ;<\/li>\n<li>Suivi du fond de caisse ;<\/li>\n<li>Mouvement de coffre ;<\/li>\n<li>Cl\u00f4ture de caisse.<\/li>\n<\/ul>\n<\/div>\t\t\t\t\t\t\t\t<\/div>\n\t\t\t\t<\/div>\n\t\t<div class=\"elementor-element elementor-element-0f2919c e-flex e-con-boxed e-con e-parent\" data-id=\"0f2919c\" data-element_type=\"container\" data-e-type=\"container\">\n\t\t\t\t\t<div class=\"e-con-inner\">\n\t\t\t\t<div class=\"elementor-element elementor-element-071a3e7 elementor-widget elementor-widget-image\" data-id=\"071a3e7\" data-element_type=\"widget\" data-e-type=\"widget\" data-widget_type=\"image.default\">\n\t\t\t\t\t\t\t\t\t\t\t\t\t\t\t<img loading=\"lazy\" decoding=\"async\" width=\"300\" height=\"300\" src=\"https:\/\/danisoft-dz.com\/wp-content\/uploads\/2026\/02\/hyper-pro-300x300.png\" class=\"attachment-medium size-medium wp-image-204\" alt=\"\" srcset=\"https:\/\/danisoft-dz.com\/wp-content\/uploads\/2026\/02\/hyper-pro-300x300.png 300w, https:\/\/danisoft-dz.com\/wp-content\/uploads\/2026\/02\/hyper-pro-150x150.png 150w, https:\/\/danisoft-dz.com\/wp-content\/uploads\/2026\/02\/hyper-pro-100x100.png 100w, https:\/\/danisoft-dz.com\/wp-content\/uploads\/2026\/02\/hyper-pro.png 500w\" sizes=\"(max-width: 300px) 100vw, 300px\" \/>\t\t\t\t\t\t\t\t\t\t\t\t\t\t\t<\/div>\n\t\t\t\t\t<\/div>\n\t\t\t\t<\/div>\n\t\t<div class=\"elementor-element elementor-element-771977f7 e-con-full e-flex e-con e-parent\" data-id=\"771977f7\" data-element_type=\"container\" data-e-type=\"container\" data-settings=\"{&quot;background_background&quot;:&quot;classic&quot;}\">\n\t\t\t\t<div class=\"elementor-element elementor-element-58cd5b44 elementor-widget elementor-widget-heading\" data-id=\"58cd5b44\" data-element_type=\"widget\" data-e-type=\"widget\" data-widget_type=\"heading.default\">\n\t\t\t\t\t<h1 class=\"elementor-heading-title elementor-size-default\">Point de vente HYPER MARCHE\n<\/h1>\t\t\t\t<\/div>\n\t\t\t\t<div class=\"elementor-element elementor-element-3197ceaf elementor-align-left elementor-widget elementor-widget-button\" data-id=\"3197ceaf\" data-element_type=\"widget\" data-e-type=\"widget\" data-widget_type=\"button.default\">\n\t\t\t\t\t\t\t\t\t\t<a class=\"elementor-button elementor-button-link elementor-size-sm elementor-animation-grow\" href=\"#\">\n\t\t\t\t\t\t<span class=\"elementor-button-content-wrapper\">\n\t\t\t\t\t\t\t\t\t<span class=\"elementor-button-text\">Demander un Devis<\/span>\n\t\t\t\t\t<\/span>\n\t\t\t\t\t<\/a>\n\t\t\t\t\t\t\t\t<\/div>\n\t\t\t\t<div class=\"elementor-element elementor-element-6b238aa2 elementor-widget__width-initial elementor-widget-mobile__width-inherit elementor-widget elementor-widget-text-editor\" data-id=\"6b238aa2\" data-element_type=\"widget\" data-e-type=\"widget\" data-widget_type=\"text-editor.default\">\n\t\t\t\t\t\t\t\t\tLogiciel d\u00e9stin\u00e9 pour les grandes surfaces ( Super march\u00e9, Hyper march\u00e9 )\t\t\t\t\t\t\t\t<\/div>\n\t\t\t\t<\/div>\n\t\t\t\t<\/div>\n\t\t","protected":false},"excerpt":{"rendered":"<p>D\u00e9couvrez les offres Logiciel de gestion commerciale Point de vente Demander un Devis DANISOFT POS&nbsp;est un logiciel \u00ab tout en un \u00bb sp\u00e9cialement con\u00e7u pour la gestion du commerce de&hellip;<\/p>\n","protected":false},"author":1,"featured_media":0,"parent":0,"menu_order":2,"comment_status":"closed","ping_status":"closed","template":"","meta":{"footnotes":""},"class_list":["post-65","page","type-page","status-publish","hentry"],"aioseo_notices":[],"jetpack_sharing_enabled":true,"_links":{"self":[{"href":"https:\/\/danisoft-dz.com\/index.php?rest_route=\/wp\/v2\/pages\/65","targetHints":{"allow":["GET"]}}],"collection":[{"href":"https:\/\/danisoft-dz.com\/index.php?rest_route=\/wp\/v2\/pages"}],"about":[{"href":"https:\/\/danisoft-dz.com\/index.php?rest_route=\/wp\/v2\/types\/page"}],"author":[{"embeddable":true,"href":"https:\/\/danisoft-dz.com\/index.php?rest_route=\/wp\/v2\/users\/1"}],"replies":[{"embeddable":true,"href":"https:\/\/danisoft-dz.com\/index.php?rest_route=%2Fwp%2Fv2%2Fcomments&post=65"}],"version-history":[{"count":60,"href":"https:\/\/danisoft-dz.com\/index.php?rest_route=\/wp\/v2\/pages\/65\/revisions"}],"predecessor-version":[{"id":208,"href":"https:\/\/danisoft-dz.com\/index.php?rest_route=\/wp\/v2\/pages\/65\/revisions\/208"}],"wp:attachment":[{"href":"https:\/\/danisoft-dz.com\/index.php?rest_route=%2Fwp%2Fv2%2Fmedia&parent=65"}],"curies":[{"name":"wp","href":"https:\/\/api.w.org\/{rel}","templated":true}]}}